{"id":84,"date":"2018-08-14T22:51:03","date_gmt":"2018-08-14T22:51:03","guid":{"rendered":"http:\/\/ingelcom.pe\/?page_id=84"},"modified":"2018-12-10T17:29:26","modified_gmt":"2018-12-10T17:29:26","slug":"pr-electronic","status":"publish","type":"page","link":"https:\/\/ingelcom.pe\/index.php\/productos\/pr-electronic\/","title":{"rendered":"PR-ELECTRONIC"},"content":{"rendered":"<p><a href=\"https:\/\/www.prelectronics.com\/es\/products\/\"><img loading=\"lazy\" decoding=\"async\" class=\"alignnone wp-image-289\" src=\"https:\/\/ingelcom.pe\/wp-content\/uploads\/2018\/11\/logo-300x72.png\" alt=\"\" width=\"362\" height=\"87\" srcset=\"https:\/\/ingelcom.pe\/wp-content\/uploads\/2018\/11\/logo-300x72.png 300w, https:\/\/ingelcom.pe\/wp-content\/uploads\/2018\/11\/logo.png 400w\" sizes=\"auto, (max-width: 362px) 100vw, 362px\" \/><\/a><\/p>\n<h4>Con nuestras innovadoras tecnolog\u00edas patentadas, hacemos que el acondicionamiento de se\u00f1ales sea m\u00e1s inteligente y sencillo. Nuestra gama est\u00e1 formada por seis \u00e1reas de productos que ofrecen gran variedad de m\u00f3dulos anal\u00f3gicos y digitales, y abarcan m\u00e1s de mil aplicaciones de automatizaci\u00f3n de f\u00e1bricas y procesos industriales.<\/h4>\n<blockquote><p>Todos nuestros productos cumplen o superan los m\u00e1s altos est\u00e1ndares del sector, lo que. garantiza su fiabilidad incluso en los entornos m\u00e1s adversos, y tienen una garant\u00eda de cinco a\u00f1os.<\/p><\/blockquote>\n<div style=\"clear: both;\"><\/div>\n<div style=\"float: left; width: 45%;\">\n<h3><a href=\"https:\/\/www.prelectronics.com\/es\/products\/temperature\/\">Temperatura<\/a><\/h3>\n<p>Transmisores y sensores: anal\u00f3gicos, digitales o de bus.<\/p>\n<p><a href=\"https:\/\/www.prelectronics.com\/es\/products\/temperature\/\"><img loading=\"lazy\" decoding=\"async\" class=\"\" src=\"https:\/\/www.prelectronics.com\/CropUp\/infoboks\/media\/218108\/temperature-700x415.jpg\" alt=\"Temperature 700X415\" width=\"244\" height=\"144\" \/><\/a><\/p>\n<h3><a href=\"https:\/\/www.prelectronics.com\/es\/products\/communication\/\">Comunicaciones<\/a><\/h3>\n<p>Interfaces de operador locales y remotas<\/p>\n<p><a href=\"https:\/\/www.prelectronics.com\/es\/products\/communication\/\"><img decoding=\"async\" src=\"https:\/\/www.prelectronics.com\/CropUp\/infoboks\/media\/564344\/communication-700x415_ny.jpg\" alt=\"Communication700x415\" \/><\/a><\/p>\n<h3><a href=\"https:\/\/www.prelectronics.com\/es\/products\/isolation\/\">Aislamiento<\/a><\/h3>\n<p>Convertidores, transmisores de temperatura y aisladores de 6 mm r\u00e1pidos, compactos.<\/p>\n<p><a href=\"https:\/\/www.prelectronics.com\/es\/products\/isolation\/\"><img decoding=\"async\" src=\"https:\/\/www.prelectronics.com\/CropUp\/infoboks\/media\/218090\/isolation-700x415_ny.jpg\" alt=\"Isolation 700X415\" \/><\/a><\/p>\n<\/div>\n<div style=\"float: right; width: 45%;\">\n<h3><a href=\"https:\/\/www.prelectronics.com\/es\/products\/is-interfaces\/\">Interfaces I.S.<\/a><\/h3>\n<p>Barreras de aislamiento y backplane intr\u00ednsecamente.<\/p>\n<p><a href=\"https:\/\/www.prelectronics.com\/es\/products\/is-interfaces\/\"><img loading=\"lazy\" decoding=\"async\" class=\"\" src=\"https:\/\/www.prelectronics.com\/CropUp\/infoboks\/media\/218081\/isinterfacesl-700x415.jpg\" alt=\"Isinterfacesl 700X415\" width=\"244\" height=\"144\" \/><\/a><\/p>\n<h3><a href=\"https:\/\/www.ifm.com\/ar\/es\/category\/015\">Multifuncional<\/a><\/h3>\n<p>Amplia gama de entradas\/salidas, muchas.<\/p>\n<p><a href=\"https:\/\/www.prelectronics.com\/es\/products\/multifunctional\/\"><img decoding=\"async\" src=\"https:\/\/www.prelectronics.com\/CropUp\/infoboks\/media\/218099\/multifunctional-700x415.jpg\" alt=\"Multifunctional 700X415\" \/><\/a><\/p>\n<h3><a href=\"https:\/\/www.prelectronics.com\/es\/products\/displays\/\">Display<\/a><\/h3>\n<p>Completa gama de medidores de panel<\/p>\n<p><a href=\"https:\/\/www.prelectronics.com\/es\/products\/displays\/\"><img decoding=\"async\" src=\"https:\/\/www.prelectronics.com\/CropUp\/infoboks\/media\/218072\/displays-700x415_ny.jpg\" alt=\"Displays 700X415\" \/><\/a><\/p>\n<\/div>\n<div class=\"float-them\">\n<div class=\"aside-element standard-layout categories\">\n<div class=\"aside-img\"><\/div>\n<div class=\"red-line\"><\/div>\n<div class=\"aside-content\">\n<div class=\"aside-gradient\">\n<div class=\"aside-link\"><\/div>\n<\/div>\n<\/div>\n<\/div>\n<div class=\"separator\"><\/div>\n<\/div>\n","protected":false},"excerpt":{"rendered":"<p>Con nuestras innovadoras tecnolog\u00edas patentadas, hacemos que el acondicionamiento de se\u00f1ales sea m\u00e1s inteligente y sencillo. Nuestra gama est\u00e1 formada por seis \u00e1reas de productos que ofrecen gran variedad de m\u00f3dulos anal\u00f3gicos y digitales, y abarcan m\u00e1s de mil aplicaciones de automatizaci\u00f3n de f\u00e1bricas y procesos industriales. Todos nuestros productos cumplen o superan los m\u00e1s&hellip; <br \/> <a class=\"read-more\" href=\"https:\/\/ingelcom.pe\/index.php\/productos\/pr-electronic\/\">Read more<\/a><\/p>\n","protected":false},"author":1,"featured_media":204,"parent":74,"menu_order":0,"comment_status":"closed","ping_status":"closed","template":"","meta":{"footnotes":""},"class_list":["post-84","page","type-page","status-publish","has-post-thumbnail","hentry"],"_links":{"self":[{"href":"https:\/\/ingelcom.pe\/index.php\/wp-json\/wp\/v2\/pages\/84","targetHints":{"allow":["GET"]}}],"collection":[{"href":"https:\/\/ingelcom.pe\/index.php\/wp-json\/wp\/v2\/pages"}],"about":[{"href":"https:\/\/ingelcom.pe\/index.php\/wp-json\/wp\/v2\/types\/page"}],"author":[{"embeddable":true,"href":"https:\/\/ingelcom.pe\/index.php\/wp-json\/wp\/v2\/users\/1"}],"replies":[{"embeddable":true,"href":"https:\/\/ingelcom.pe\/index.php\/wp-json\/wp\/v2\/comments?post=84"}],"version-history":[{"count":6,"href":"https:\/\/ingelcom.pe\/index.php\/wp-json\/wp\/v2\/pages\/84\/revisions"}],"predecessor-version":[{"id":708,"href":"https:\/\/ingelcom.pe\/index.php\/wp-json\/wp\/v2\/pages\/84\/revisions\/708"}],"up":[{"embeddable":true,"href":"https:\/\/ingelcom.pe\/index.php\/wp-json\/wp\/v2\/pages\/74"}],"wp:featuredmedia":[{"embeddable":true,"href":"https:\/\/ingelcom.pe\/index.php\/wp-json\/wp\/v2\/media\/204"}],"wp:attachment":[{"href":"https:\/\/ingelcom.pe\/index.php\/wp-json\/wp\/v2\/media?parent=84"}],"curies":[{"name":"wp","href":"https:\/\/api.w.org\/{rel}","templated":true}]}}