{"id":82,"date":"2018-08-14T22:50:30","date_gmt":"2018-08-14T22:50:30","guid":{"rendered":"http:\/\/ingelcom.pe\/?page_id=82"},"modified":"2019-02-27T14:08:39","modified_gmt":"2019-02-27T14:08:39","slug":"ifm","status":"publish","type":"page","link":"https:\/\/ingelcom.pe\/index.php\/productos\/ifm\/","title":{"rendered":"IFM"},"content":{"rendered":"<div><img loading=\"lazy\" decoding=\"async\" class=\"alignnone wp-image-286\" src=\"https:\/\/ingelcom.pe\/wp-content\/uploads\/2018\/11\/ifm.png\" alt=\"\" width=\"220\" height=\"220\" srcset=\"https:\/\/ingelcom.pe\/wp-content\/uploads\/2018\/11\/ifm.png 200w, https:\/\/ingelcom.pe\/wp-content\/uploads\/2018\/11\/ifm-150x150.png 150w\" sizes=\"auto, (max-width: 220px) 100vw, 220px\" \/><\/div>\n<div>\n<h4>Al principio fue la pasi\u00f3n lo que motiv\u00f3 a los fundadores a querer hacer mejor las cosas. Desarrollar sensores de extraordinaria calidad y fiabilidad con un servicio al cliente sin igual. Con esta visi\u00f3n y siendo conscientes de que el concepto de \u00abcalidad\u00bb va m\u00e1s all\u00e1 del producto en s\u00ed, ifm comenz\u00f3 sus operaciones en octubre de 1969.<\/h4>\n<\/div>\n<div style=\"float: left; width: 45%;\">\n<h3><a href=\"https:\/\/www.ifm.com\/ar\/es\/category\/010\">Sensores de posici\u00f3n<\/a><\/h3>\n<p><a href=\"https:\/\/www.ifm.com\/ar\/es\/category\/010\"><img loading=\"lazy\" decoding=\"async\" class=\"\" src=\"https:\/\/www.ifm.com\/responsive\/medium\/content\/gallery\/productgroups\/B_F_W_SQUARE_010.JPG?v=1810090422\" width=\"360\" height=\"360\" \/><\/a><\/p>\n<h3><a href=\"https:\/\/www.ifm.com\/ar\/es\/category\/020\">Procesamiento industrial de im\u00e1genes<\/a><\/h3>\n<p><a href=\"https:\/\/www.ifm.com\/ar\/es\/category\/020\"><img loading=\"lazy\" decoding=\"async\" class=\"\" src=\"https:\/\/www.ifm.com\/responsive\/medium\/content\/gallery\/productgroups\/B_F_W_SQUARE_020.JPG?v=1809979845\" width=\"360\" height=\"360\" \/><\/a><\/p>\n<h3><a href=\"https:\/\/www.ifm.com\/ar\/es\/category\/030\">Tecnolog\u00eda de seguridad<\/a><\/h3>\n<p><a href=\"https:\/\/www.ifm.com\/ar\/es\/category\/030\"><img loading=\"lazy\" decoding=\"async\" class=\"\" src=\"https:\/\/www.ifm.com\/responsive\/medium\/content\/gallery\/productgroups\/B_F_W_SQUARE_030.JPG?v=1810098304\" width=\"361\" height=\"361\" \/><\/a><\/p>\n<h3><a href=\"https:\/\/www.ifm.com\/ar\/es\/category\/055\">Tecnolog\u00eda IO-Link<\/a><\/h3>\n<p><a href=\"https:\/\/www.ifm.com\/ar\/es\/category\/055\"><img loading=\"lazy\" decoding=\"async\" class=\"\" src=\"https:\/\/www.ifm.com\/responsive\/medium\/content\/gallery\/productgroups\/B_F_W_SQUARE_055.JPG?v=-527925779\" width=\"360\" height=\"360\" \/><\/a><\/p>\n<h3><a href=\"https:\/\/www.ifm.com\/ar\/es\/category\/080\">Sistemas para aplicaciones m\u00f3viles<\/a><\/h3>\n<p><a href=\"https:\/\/www.ifm.com\/ar\/es\/category\/080\"><img loading=\"lazy\" decoding=\"async\" class=\"\" src=\"https:\/\/www.ifm.com\/responsive\/medium\/content\/gallery\/productgroups\/B_F_W_SQUARE_080.JPG?v=526148202\" width=\"360\" height=\"360\" \/><\/a><\/p>\n<h3><a href=\"https:\/\/www.ifm.com\/ar\/es\/category\/090\">Sistemas de conexi\u00f3n<\/a><\/h3>\n<p><a href=\"https:\/\/www.ifm.com\/ar\/es\/category\/090\"><img loading=\"lazy\" decoding=\"async\" class=\"\" src=\"https:\/\/www.ifm.com\/responsive\/medium\/content\/gallery\/productgroups\/B_F_W_SQUARE_090.JPG?v=-223072347\" width=\"360\" height=\"360\" \/><\/a><\/p>\n<\/div>\n<div style=\"float: right; width: 45%;\">\n<h3><a href=\"https:\/\/www.ifm.com\/ar\/es\/category\/040\">Sensores de proceso<\/a><\/h3>\n<p><a href=\"https:\/\/www.ifm.com\/ar\/es\/category\/040\"><img loading=\"lazy\" decoding=\"async\" class=\"\" src=\"https:\/\/www.ifm.com\/responsive\/medium\/content\/gallery\/productgroups\/B_F_W_SQUARE_040.JPG?v=1810095793\" width=\"361\" height=\"361\" \/><\/a><\/p>\n<h3><a href=\"https:\/\/www.ifm.com\/ar\/es\/category\/015\">Sensores para control de movimiento<\/a><\/h3>\n<p><a href=\"https:\/\/www.ifm.com\/ar\/es\/category\/015\"><img loading=\"lazy\" decoding=\"async\" class=\"\" src=\"https:\/\/www.ifm.com\/responsive\/medium\/content\/gallery\/productgroups\/B_F_W_SQUARE_015.JPG?v=1810100717\" width=\"360\" height=\"360\" \/><\/a><\/p>\n<h3><a href=\"https:\/\/www.ifm.com\/ar\/es\/category\/050\">Comunicaci\u00f3n industrial<\/a><\/h3>\n<p><a href=\"https:\/\/www.ifm.com\/ar\/es\/category\/050\"><img loading=\"lazy\" decoding=\"async\" class=\"\" src=\"https:\/\/www.ifm.com\/responsive\/medium\/content\/gallery\/productgroups\/B_F_W_SQUARE_050.JPG?v=1809973356\" width=\"359\" height=\"359\" \/><\/a><\/p>\n<h3><a href=\"https:\/\/www.ifm.com\/ar\/es\/category\/060\">Sistemas de identificaci\u00f3n<\/a><\/h3>\n<p><a href=\"https:\/\/www.ifm.com\/ar\/es\/category\/060\"><img loading=\"lazy\" decoding=\"async\" class=\"\" src=\"https:\/\/www.ifm.com\/responsive\/medium\/content\/gallery\/productgroups\/B_F_W_SQUARE_060.JPG?v=1809984995\" width=\"360\" height=\"360\" \/><\/a><\/p>\n<h3><a href=\"https:\/\/www.ifm.com\/ar\/es\/category\/070\">Sistemas para mantenimiento preventivo<\/a><\/h3>\n<p><a href=\"https:\/\/www.ifm.com\/ar\/es\/category\/070\"><img loading=\"lazy\" decoding=\"async\" class=\"\" src=\"https:\/\/www.ifm.com\/responsive\/medium\/content\/gallery\/productgroups\/B_F_W_SQUARE_070.JPG?v=1809986246\" width=\"360\" height=\"360\" \/><\/a><\/p>\n<h3><a href=\"https:\/\/www.ifm.com\/ar\/es\/category\/110\">Accesorios<\/a><\/h3>\n<p><a href=\"https:\/\/www.ifm.com\/ar\/es\/category\/110\"><img loading=\"lazy\" decoding=\"async\" class=\"\" src=\"https:\/\/www.ifm.com\/responsive\/medium\/content\/gallery\/productgroups\/B_F_W_SQUARE_110.JPG?v=1810102510\" width=\"360\" height=\"360\" \/><\/a><\/p>\n<\/div>\n","protected":false},"excerpt":{"rendered":"<p>Al principio fue la pasi\u00f3n lo que motiv\u00f3 a los fundadores a querer hacer mejor las cosas. Desarrollar sensores de extraordinaria calidad y fiabilidad con un servicio al cliente sin igual. Con esta visi\u00f3n y siendo conscientes de que el concepto de \u00abcalidad\u00bb va m\u00e1s all\u00e1 del producto en s\u00ed, ifm comenz\u00f3 sus operaciones en&hellip; <br \/> <a class=\"read-more\" href=\"https:\/\/ingelcom.pe\/index.php\/productos\/ifm\/\">Read more<\/a><\/p>\n","protected":false},"author":1,"featured_media":0,"parent":74,"menu_order":0,"comment_status":"closed","ping_status":"closed","template":"","meta":{"footnotes":""},"class_list":["post-82","page","type-page","status-publish","hentry"],"_links":{"self":[{"href":"https:\/\/ingelcom.pe\/index.php\/wp-json\/wp\/v2\/pages\/82","targetHints":{"allow":["GET"]}}],"collection":[{"href":"https:\/\/ingelcom.pe\/index.php\/wp-json\/wp\/v2\/pages"}],"about":[{"href":"https:\/\/ingelcom.pe\/index.php\/wp-json\/wp\/v2\/types\/page"}],"author":[{"embeddable":true,"href":"https:\/\/ingelcom.pe\/index.php\/wp-json\/wp\/v2\/users\/1"}],"replies":[{"embeddable":true,"href":"https:\/\/ingelcom.pe\/index.php\/wp-json\/wp\/v2\/comments?post=82"}],"version-history":[{"count":13,"href":"https:\/\/ingelcom.pe\/index.php\/wp-json\/wp\/v2\/pages\/82\/revisions"}],"predecessor-version":[{"id":603,"href":"https:\/\/ingelcom.pe\/index.php\/wp-json\/wp\/v2\/pages\/82\/revisions\/603"}],"up":[{"embeddable":true,"href":"https:\/\/ingelcom.pe\/index.php\/wp-json\/wp\/v2\/pages\/74"}],"wp:attachment":[{"href":"https:\/\/ingelcom.pe\/index.php\/wp-json\/wp\/v2\/media?parent=82"}],"curies":[{"name":"wp","href":"https:\/\/api.w.org\/{rel}","templated":true}]}}