{"id":76,"date":"2018-08-14T20:15:12","date_gmt":"2018-08-14T20:15:12","guid":{"rendered":"http:\/\/ingelcom.pe\/?page_id=76"},"modified":"2018-12-10T17:36:43","modified_gmt":"2018-12-10T17:36:43","slug":"automatizacion-e-instrumentacion","status":"publish","type":"page","link":"https:\/\/ingelcom.pe\/index.php\/servicios\/automatizacion-e-instrumentacion\/","title":{"rendered":"Automatizaci\u00f3n, Control e Instrumentaci\u00f3n"},"content":{"rendered":"<h2>Servicios de\u00a0Automatizaci\u00f3n e Instrumentaci\u00f3n<\/h2>\n<p><strong>INGELCOM<\/strong> cuenta con un staff de\u00a0profesionales altamente especializado, utilizando las mejores tecnolog\u00edas en sus proyectos de automatizaci\u00f3n industrial e instrumentaci\u00f3n, comprende el dise\u00f1o de procesos, selecci\u00f3n de instrumentos y desarrollo de programas.<\/p>\n<p><strong>Nuestros proyectos de automatizaci\u00f3n est\u00e1n orientada a la industria 4.0<\/strong> para desarrollar de forma conjunta a los requerimientos de Operadores y Personal de Mantenimiento para cada dise\u00f1o y poder tener una producci\u00f3n optima.<\/p>\n<p>A continuaci\u00f3n se detalla nuestras especialidades en el servicio de automatizaci\u00f3n industrial e instrumentaci\u00f3n:<\/p>\n<p><img loading=\"lazy\" decoding=\"async\" class=\"alignright wp-image-342 \" src=\"https:\/\/ingelcom.pe\/wp-content\/uploads\/2018\/11\/ingelcom-300x150.jpg\" alt=\"\" width=\"420\" height=\"211\" srcset=\"https:\/\/ingelcom.pe\/wp-content\/uploads\/2018\/11\/ingelcom-300x150.jpg 300w, https:\/\/ingelcom.pe\/wp-content\/uploads\/2018\/11\/ingelcom-768x384.jpg 768w, https:\/\/ingelcom.pe\/wp-content\/uploads\/2018\/11\/ingelcom.jpg 900w\" sizes=\"auto, (max-width: 420px) 100vw, 420px\" \/><\/p>\n<ul>\n<li>Desarrollo de la programaci\u00f3n y puesta en servicio de sistemas de automatizaci\u00f3n basados de PLCs y HMIs de Prestigiosas Marcas como:<strong> Allen Bradley, Siemens, IFM, ABB, Weintek,\u00a0 etc.<\/strong><\/li>\n<li>Integraci\u00f3n de instrumentaci\u00f3n, como sensores, indicadores, concentradores,\u00a0 actuadores y dispositivos electr\u00f3nicos.<\/li>\n<li>En nuestras aplicaciones es basado en diversas arquitecturas de control como el <strong>centralizado o distribuido<\/strong>; y las estructuras de control tales como el feedback, feedforward o cascada.<\/li>\n<li>Desarrollamos y puesta en servicio de <strong>Sistemas de Supervisi\u00f3n, Control y Adquisici\u00f3n de datos(SCADA)<\/strong> en proyectos de automatizaci\u00f3n industrial aplicando el control secuencial o la regulaci\u00f3n continua dentro del control de procesos industriales. Usando marcas como: Allen Bradley, Siemens, Modicon, Wonderware, etc.<\/li>\n<li>Dise\u00f1amos, integramos e Implementamos de Redes Industriales como: <strong>Ethernet IP, Profinet, IO-Link, ControlNet, DeviceNet, Hart, Profibus DP\/PA,\u00a0 MODBUS RTU\/TCP, etc.<\/strong><\/li>\n<\/ul>\n<p>Para mayor informaci\u00f3n sobre nuestro servicio automatizaci\u00f3n industrial, puedes escribirnos\u00a0a <a href=\"mailto:ventas@ingelcom.pe\">ventas@ingelcom.pe<\/a><\/p>\n","protected":false},"excerpt":{"rendered":"<p>Servicios de\u00a0Automatizaci\u00f3n e Instrumentaci\u00f3n INGELCOM cuenta con un staff de\u00a0profesionales altamente especializado, utilizando las mejores tecnolog\u00edas en sus proyectos de automatizaci\u00f3n industrial e instrumentaci\u00f3n, comprende el dise\u00f1o de procesos, selecci\u00f3n de instrumentos y desarrollo de programas. Nuestros proyectos de automatizaci\u00f3n est\u00e1n orientada a la industria 4.0 para desarrollar de forma conjunta a los requerimientos de&hellip; <br \/> <a class=\"read-more\" href=\"https:\/\/ingelcom.pe\/index.php\/servicios\/automatizacion-e-instrumentacion\/\">Read more<\/a><\/p>\n","protected":false},"author":1,"featured_media":497,"parent":353,"menu_order":0,"comment_status":"closed","ping_status":"closed","template":"","meta":{"footnotes":""},"class_list":["post-76","page","type-page","status-publish","has-post-thumbnail","hentry"],"_links":{"self":[{"href":"https:\/\/ingelcom.pe\/index.php\/wp-json\/wp\/v2\/pages\/76","targetHints":{"allow":["GET"]}}],"collection":[{"href":"https:\/\/ingelcom.pe\/index.php\/wp-json\/wp\/v2\/pages"}],"about":[{"href":"https:\/\/ingelcom.pe\/index.php\/wp-json\/wp\/v2\/types\/page"}],"author":[{"embeddable":true,"href":"https:\/\/ingelcom.pe\/index.php\/wp-json\/wp\/v2\/users\/1"}],"replies":[{"embeddable":true,"href":"https:\/\/ingelcom.pe\/index.php\/wp-json\/wp\/v2\/comments?post=76"}],"version-history":[{"count":8,"href":"https:\/\/ingelcom.pe\/index.php\/wp-json\/wp\/v2\/pages\/76\/revisions"}],"predecessor-version":[{"id":496,"href":"https:\/\/ingelcom.pe\/index.php\/wp-json\/wp\/v2\/pages\/76\/revisions\/496"}],"up":[{"embeddable":true,"href":"https:\/\/ingelcom.pe\/index.php\/wp-json\/wp\/v2\/pages\/353"}],"wp:featuredmedia":[{"embeddable":true,"href":"https:\/\/ingelcom.pe\/index.php\/wp-json\/wp\/v2\/media\/497"}],"wp:attachment":[{"href":"https:\/\/ingelcom.pe\/index.php\/wp-json\/wp\/v2\/media?parent=76"}],"curies":[{"name":"wp","href":"https:\/\/api.w.org\/{rel}","templated":true}]}}