{"id":262,"date":"2018-11-09T16:55:17","date_gmt":"2018-11-09T16:55:17","guid":{"rendered":"http:\/\/ingelcom.pe\/index.php\/mesmerize\/"},"modified":"2019-04-02T00:58:25","modified_gmt":"2019-04-02T00:58:25","slug":"resumen","status":"publish","type":"page","link":"https:\/\/ingelcom.pe\/","title":{"rendered":"INICIO"},"content":{"rendered":"<div >\n<div >\n<div >\n<div ><\/div>\n<\/div>\n<\/div>\n<div >\n<div >\n<div >\n<div ><\/div>\n<\/div>\n<\/div>\n<\/div>\n<\/div><div  data-label=\"Portfolio\" data-id=\"portfolio--1\" data-export-id=\"portfolio-5\" data-category=\"portfolio\" class=\"portfolio-5 content-section content-section-spacing\" id=\"portfolio-1\" style=\"background-color: #ffffff;\">\n<div  class=\"\">\n<div  class=\"row text-center\">\n<div  class=\"section-title-col\" data-type=\"column\">\n<h2  class=\"\">Portafolio de Productos<\/h2>\n<\/div>\n<\/div>\n<div  class=\"row space-bottom spaced-cols\" data-type=\"row\">\n<div  class=\"col-xs-12 col-sm-4 text-center col-md-4\">\n<div  class=\"card no-padding bordered\">\n<div  data-hover-fx=\"portfolio-6\" class=\"contentswap-effect\">\n<div  class=\"initial-image\"><img decoding=\"async\"  data-size=\"500x333\" src=\"https:\/\/ingelcom.pe\/wp-content\/uploads\/2019\/04\/cropped-balazs-ketyi-1410248-unsplash.jpg\"><\/div>\n<div  class=\"overlay bg-color6\"><\/div>\n<div  class=\"swap-inner col-xs-12\">\n<div  class=\"row full-height-row middle-xs middle-sm\">\n<div  class=\"col-xs-12 text-center content-holder\"><a  class=\"button small color2\" href=\"https:\/\/ingelcom.pe\/index.php\/servicios\/plataforma-industria-4-0\" target=\"_self\" data-cp-link=\"1\">leer mas<\/a><\/div>\n<\/div>\n<\/div>\n<\/div>\n<div  class=\"col-xs-12\">\n<div  class=\"space-bottom space-top\" data-type=\"column\">\n\n\n<img decoding=\"async\"  class=\"custom-image\" src=\"https:\/\/ingelcom.pe\/wp-content\/uploads\/2019\/04\/cropped-WhatsApp-Image-2019-03-26-at-1.26.24-PM-1.jpeg\" alt=\"\" title=\"cropped-WhatsApp-Image-2019-03-26-at-1.26.24-PM-1.jpeg\"><p  class=\"small italic\">PLATAFORMA DE INDUSTRIA 4.0 \u2013 Esta soluci\u00f3n es personalizada . Integra todo los componentes y servicios necesarios para una soluci\u00f3n IIOT solida desde sensor hasta la nube.<br >Garantizamos acceso a los datos de los sensores y maquinas desde cualquier lugar del mundo a trav\u00e9s del ERP o el sistema en la nube de su elecci\u00f3n, en tiempo Real.<\/p>\n\n<\/div>\n<\/div>\n<\/div>\n<\/div><div  class=\"col-xs-12 col-sm-4 text-center col-md-4 \">\n<div  class=\"card no-padding bordered\">\n<div  data-hover-fx=\"portfolio-6\" class=\"contentswap-effect\">\n<div  class=\"initial-image\"><img decoding=\"async\"  data-size=\"500x333\" src=\"https:\/\/ingelcom.pe\/wp-content\/uploads\/2019\/02\/cropped-Homepage_Slider_02.png\"><\/div>\n<div  class=\"overlay bg-color6\"><\/div>\n<div  class=\"swap-inner col-xs-12\">\n<div  class=\"row full-height-row middle-xs middle-sm\">\n<div  class=\"col-xs-12 text-center content-holder\"><a  class=\"button small color2\" href=\"#about-1\" target=\"_self\" data-cp-link=\"1\">leer mas<\/a><\/div>\n<\/div>\n<\/div>\n<\/div>\n<div  class=\"col-xs-12\">\n<div  class=\"space-bottom space-top\" data-type=\"column\">\n\n<a  data-cp-link=\"1\" href=\"#\" class=\"\" target=\"_self\"><img decoding=\"async\"  class=\"custom-image\" src=\"https:\/\/ingelcom.pe\/wp-content\/uploads\/2019\/02\/cropped-KIO_Logo_C_60px.png\" alt=\"\" title=\"ifm\"><\/a>\n<p  class=\"small italic\">Plataforma IoT que proporciona soluciones personalizadas para la gesti\u00f3n y el monitoreo de la energ\u00eda.<\/p>\n\n<\/div>\n<\/div>\n<\/div>\n<\/div><div  class=\"col-xs-12 col-sm-4 text-center col-md-4 \">\n<div  class=\"card no-padding bordered\">\n<div  data-hover-fx=\"portfolio-6\" class=\"contentswap-effect\">\n<div  class=\"initial-image\"><img decoding=\"async\"  data-size=\"500x333\" src=\"https:\/\/ingelcom.pe\/wp-content\/uploads\/2018\/08\/cropped-B_F_W_SQUARE_010-2.jpg\"><\/div>\n<div  class=\"overlay bg-color6\"><\/div>\n<div  class=\"swap-inner col-xs-12\">\n<div  class=\"row full-height-row middle-xs middle-sm\">\n<div  class=\"col-xs-12 text-center content-holder\"><a  class=\"button small color2\" href=\"https:\/\/ingelcom.pe\/index.php\/productos\/ifm\" target=\"_self\" data-cp-link=\"1\">leer mas<\/a><\/div>\n<\/div>\n<\/div>\n<\/div>\n<div  class=\"col-xs-12\">\n<div  class=\"space-bottom space-top\" data-type=\"column\">\n\n<a  data-cp-link=\"1\" href=\"#\" class=\"\" target=\"_self\"><img decoding=\"async\"  class=\"custom-image\" src=\"https:\/\/ingelcom.pe\/wp-content\/uploads\/2018\/11\/ifm-copia-e1543599057483.png\" alt=\"\" title=\"ifm\"><\/a>\n<p  class=\"small italic\">Sensores, sistemas de comunicaci\u00f3n y\nt\u00e9cnicas de control para la automatizaci\u00f3n\nde procesos destinados a humanizar\nla sociedad: \u00e9sta es la misi\u00f3n encomendada\na ifm por sus socios<\/p>\n\n<\/div>\n<\/div>\n<\/div>\n<\/div>\n<div  class=\"col-xs-12 col-sm-4 text-center col-md-4 \">\n<div  class=\"card no-padding bordered\">\n<div  data-hover-fx=\"portfolio-6\" class=\"contentswap-effect\">\n<div  class=\"initial-image\"><img decoding=\"async\"  data-size=\"500x333\" src=\"https:\/\/ingelcom.pe\/wp-content\/uploads\/2018\/09\/cropped-pr.png\"><\/div>\n<div  class=\"overlay bg-color6\"><\/div>\n<div  class=\"swap-inner col-xs-12\">\n<div  class=\"row full-height-row middle-xs middle-sm\">\n<div  class=\"col-xs-12 text-center content-holder\"><a  class=\"button small color2\" href=\"https:\/\/ingelcom.pe\/index.php\/productos\/pr-electronic\" target=\"_self\" data-cp-link=\"1\">Leer mas<\/a><\/div>\n<\/div>\n<\/div>\n<\/div>\n<div  class=\"col-xs-12\">\n<div  class=\"space-bottom space-top\" data-type=\"column\">\n\n<a  data-cp-link=\"1\" href=\"#\" class=\"\"><img decoding=\"async\"  class=\"custom-image\" src=\"https:\/\/ingelcom.pe\/wp-content\/uploads\/2018\/11\/logo.png\" alt=\"\" title=\"logo\"><\/a>\n<p  class=\"small italic\">PR electronics con mas de 40 a\u00f1os en la fabricaci\u00f3n de dispositivos de acondicionamiento de se\u00f1ales m\u00e1s inteligentes y sencillos<\/p>\n\n<\/div>\n<\/div>\n<\/div>\n<\/div>\n<div  class=\"col-xs-12 col-sm-4 text-center col-md-4 \">\n<div  class=\"card no-padding bordered\">\n<div  data-hover-fx=\"portfolio-6\" class=\"contentswap-effect\">\n<div  class=\"initial-image\"><img decoding=\"async\"  data-size=\"500x333\" src=\"https:\/\/ingelcom.pe\/wp-content\/uploads\/2018\/11\/cropped-lantech3-1.jpeg\"><\/div>\n<div  class=\"overlay bg-color6\"><\/div>\n<div  class=\"swap-inner col-xs-12\">\n<div  class=\"row full-height-row middle-xs middle-sm\">\n<div  class=\"col-xs-12 text-center content-holder\"><a  class=\"button small color2\" href=\"https:\/\/ingelcom.pe\/index.php\/productos\/lantech\" target=\"_self\" data-cp-link=\"1\">Leer mas<\/a><\/div>\n<\/div>\n<\/div>\n<\/div>\n<div  class=\"col-xs-12\">\n<div  class=\"space-bottom space-top\" data-type=\"column\">\n\n<img decoding=\"async\"  class=\"custom-image\" src=\"https:\/\/ingelcom.pe\/wp-content\/uploads\/2018\/11\/cropped-lantech_web_logo-1-1.png\" alt=\"\" title=\"cropped-lantech_web_logo-1-1.png\">\n<p  class=\"small italic\">Ofrece al mercado las mejores soluciones de red para redes industriales e IP. Proporciona soluciones de redes de alta calidad y con numerosas funciones con un servicio y soporte sobresalientes para nuestros socios mundiales.<\/p>\n\n<\/div>\n<\/div>\n<\/div>\n<\/div>\n<div  class=\"col-xs-12 col-sm-4 text-center col-md-4 \">\n<div  class=\"card no-padding bordered\">\n<div  data-hover-fx=\"portfolio-6\" class=\"contentswap-effect\">\n<div  class=\"initial-image\"><img decoding=\"async\"  data-size=\"500x333\" src=\"https:\/\/ingelcom.pe\/wp-content\/uploads\/2018\/11\/558258_141930479281863_2041105546_n.jpg\"><\/div>\n<div  class=\"overlay bg-color6\"><\/div>\n<div  class=\"swap-inner col-xs-12\">\n<div  class=\"row full-height-row middle-xs middle-sm\">\n<div  class=\"col-xs-12 text-center content-holder\"><a  class=\"button small color2\" href=\"https:\/\/www.klemsan.com.tr\/Terminal-blocks-and-automation-products\" target=\"_self\" data-cp-link=\"1\">leer mas<\/a><\/div>\n<\/div>\n<\/div>\n<\/div>\n<div  class=\"col-xs-12\">\n<div  class=\"space-bottom space-top\" data-type=\"column\">\n\n<a  data-cp-link=\"1\" href=\"#\" class=\"\" target=\"_self\"><img decoding=\"async\"  class=\"custom-image\" src=\"https:\/\/ingelcom.pe\/wp-content\/uploads\/2018\/11\/cropped-SWE-Klemsan-logo-for-web-1.png\" alt=\"\" title=\"cropped-SWE-Klemsan-logo-for-web-1.png\"><\/a>\n<p  class=\"small italic\">Fabrica productos electrot\u00e9cnicos, electr\u00f3nicos, administraci\u00f3n de cableado, software y hardware embebidos para productos electr\u00f3nicos, y software especial para pruebas especiales de dispositivos.<\/p>\n<img decoding=\"async\"  class=\"custom-image\" src=\"https:\/\/ingelcom.pe\/wp-content\/uploads\/2018\/11\/cropped-SWE-Klemsan-logo-for-web-2.png\" alt=\"\" title=\"cropped-SWE-Klemsan-logo-for-web-2.png\">\n\n<\/div>\n<\/div>\n<\/div>\n<\/div>\n<\/div>\n<div  class=\"row\">\n<div  data-type=\"column\" class=\"col-xs-12 text-center\">\n\n\n<\/div>\n<\/div>\n<\/div>\n<\/div><div  data-label=\"Content\" data-id=\"content--1\" data-export-id=\"content-3\" data-category=\"content\" class=\"content-3 content-section content-section-spacing\" id=\"content-1\" style=\"background-color: rgb(245, 250, 253); background-image: none;\"><div > <div  class=\"row middle-xs\"><div  class=\"col-sm-7 full-col-left-padding full-col-right-padding\"> <div  class=\"row\"><div  data-type=\"column\" class=\"space-bottom-small content-title-col content-center-sm\">  <h2  class=\"\">CIIT PER\u00da 2019<\/h2> <p  class=\"\">PARA MINER\u00cdA, ENERG\u00cdA E INDUSTRIA<\/p><p  class=\"\">Por primeras vez INGELCOM, estar\u00e1 apoyando CIIT Per\u00fa 2019 que desarrollar\u00e1 presentaciones t\u00e9cnicas&nbsp; como: Monitoreo en Tiempo Real, Rob\u00f3tica y Drones, Inteligencia Artificial, Telecomunicaciones, Big Data, Data Mining, Data Science, IIOT, Cybersecurity, entre otros.<br ><br >Apasionados por la tecnologia, por esta raz\u00f3n estaremos presente en este tipo de evento, que conglomera a diversos especialistas en el \u00e1rea.&nbsp;<\/p><\/div> <\/div> <div  class=\"row spaced-cols content-center-sm start-sm\" data-type=\"row\">   <div  class=\"col-xs-6 col-md-12\" data-type=\"column\"><h5  class=\"\">SOMOS AUSPICIADOR<\/h5> <a  data-cp-link=\"1\" href=\"http:\/\/www.ciitperu.com\" class=\"\" target=\"_self\"><img decoding=\"async\"  class=\"custom-image\" src=\"https:\/\/ingelcom.pe\/wp-content\/uploads\/2019\/02\/cropped-ingelcom-standard.jpg\" alt=\"\" title=\"cropped-ciit-standardlight.jpg\"><\/a><\/div>  <div  class=\"col-xs-6 col-md-12\" data-type=\"column\"> <h3  class=\"\">Country Club Lima Hotel \u2013 San Isidro<\/h3><h3  class=\"\">29 de Marzo del 2019<\/h3><\/div><\/div><\/div> <div  class=\"col-sm-5 bg-image shadow-large-black revert-classes-holder\" data-bg=\"image\" style=\"background-image: url(&quot;https:\/\/ingelcom.pe\/wp-content\/uploads\/2019\/02\/cropped-ciit1.jpg&quot;);\"><\/div><\/div> <\/div><\/div><div  data-label=\"About\" data-id=\"about--1\" data-export-id=\"about-images-right-section\" data-category=\"about\" class=\"about-images-right-section content-section content-section-spacing\" id=\"about-1\" style=\"background-color: rgb(255, 255, 255);\"><div  class=\"\"> <div  class=\"row middle-sm text-center\"><div  class=\"col-sm-5 content-center-sm\" data-type=\"column\">  <img decoding=\"async\"  class=\"custom-image\" src=\"https:\/\/ingelcom.pe\/wp-content\/uploads\/2019\/02\/KIO_Logo_C_60px.png\" alt=\"\" title=\"KIO_Logo_C_60px\"><h2  class=\"\">KIO \u2013 Klemsan Internet Objects<\/h2> <p  class=\"\">KIO \u2013 Klemsan Internet Objects es una aplicaci\u00f3n IOT personalizable que proporciona soluciones en el campo de la gesti\u00f3n energ\u00e9tica. Con un sistema basado en web que se ejecuta en un servidor central, al que puede acceder desde las computadoras, tabletas y tel\u00e9fonos al mismo tiempo. Conozca KIO ingresando a www.kioplatform.com\/es\/ o haciendo click aqu\u00ed abajo.<\/p> <a  class=\"button color1\" href=\"https:\/\/www.kioplatform.com\/es\" target=\"_blank\" data-cp-link=\"1\">GET STARTED NOW<\/a><\/div> <div  class=\"col-sm-7 space-bottom-xs\"><div  class=\"image-group-side-3-img\"> <img decoding=\"async\"  class=\"topimg shadow-large\" src=\"https:\/\/ingelcom.pe\/wp-content\/uploads\/2019\/02\/cropped-rawpixel-1057246-unsplash-1.jpg\" alt=\"\" title=\"cropped-rawpixel-1057246-unsplash-1.jpg\"> <img decoding=\"async\"  class=\"rightimg shadow-large\" src=\"https:\/\/ingelcom.pe\/wp-content\/uploads\/2019\/02\/cropped-Homepage_Slider_03-1.png\" alt=\"\" title=\"cropped-Homepage_Slider_03-1.png\"> <div  class=\"leftimg\"> <img decoding=\"async\"  class=\"shadow-large\" src=\"https:\/\/ingelcom.pe\/wp-content\/uploads\/2019\/02\/cropped-kio-platfomr.png\" alt=\"\" title=\"cropped-kio-platfomr.png\"><\/div> <\/div><\/div> <\/div><\/div> <\/div><div  data-label=\"Latest-news\" data-id=\"latest_news--1\" data-export-id=\"blog-section\" data-category=\"latest_news\" class=\"blog-section blog-section-standard content-section content-section-spacing\" id=\"latest_news-1\" style=\"background-color: rgb(245, 250, 253);\"><div  class=\"gridContainer\"> <div  class=\"row\"><div  data-type=\"column\" class=\"section-title-col\"> <h2  class=\"\">Articulos relacionados<\/h2> <\/div> <\/div> <div  class=\"row\"> <div  data-type=\"row\" data-dynamic-columns=\"handled\" data-content-shortcode=\"mesmerize_latest_news\">        <div class=\"row center-sm content-left-sm\">\n                    <div id=\"post-419\" class=\"col-sm-6 col-md-4 space-bottom space-bottom-xs\">\n                <div class=\"post-content card y-move bordered\">\n                        <div class=\"post-thumbnail\">\n        <a href=\"https:\/\/ingelcom.pe\/index.php\/6-ventajas-io-link\/\" class=\"post-list-item-thumb \">\n            <img loading=\"lazy\" decoding=\"async\" width=\"551\" height=\"259\" src=\"https:\/\/ingelcom.pe\/wp-content\/uploads\/2018\/12\/Font-IO-Link-slide-show-e1554315180775.jpg\" class=\"attachment-post-thumbnail size-post-thumbnail wp-post-image\" alt=\"\" srcset=\"https:\/\/ingelcom.pe\/wp-content\/uploads\/2018\/12\/Font-IO-Link-slide-show-e1554315180775.jpg 551w, https:\/\/ingelcom.pe\/wp-content\/uploads\/2018\/12\/Font-IO-Link-slide-show-e1554315180775-300x141.jpg 300w\" sizes=\"auto, (max-width: 551px) 100vw, 551px\" \/>        <\/a>\n    <\/div>\n                        <div class=\"col-padding col-padding-xs\">\n                        <h3 class=\"post-title space-bottom-small\">\n                            <a href=\"https:\/\/ingelcom.pe\/index.php\/6-ventajas-io-link\/\" rel=\"bookmark\">\n                                6 Ventajas de IO-Link                            <\/a>\n                        <\/h3>\n                        <p>\u00bfQu\u00e9 es IO-Link? IO-Link\u00a0(IEC61131-9) es un protocolo de comunicaci\u00f3n serie est\u00e1ndar abierto que permite el intercambio bidireccional de datos de sensores y dispositivos que soportan IO-Link y est\u00e1n conectados a[&hellip;]<\/p>\n                        <a class=\"read-more link\" href=\"https:\/\/ingelcom.pe\/index.php\/6-ventajas-io-link\/\">\n                            Read more                        <\/a>\n                    <\/div>\n                <\/div>\n            <\/div>\n            <\/div>\n    <\/div><\/div> <div  class=\"row\"><div  class=\"text-center\"> <a  class=\"button color1\" data-attr-shortcode=\"href:mesmerize_blog_link\" href=\"https:\/\/ingelcom.pe\/index.php\/articulos\/\">SEE ALL BLOG POSTS<\/a><\/div> <\/div><\/div><\/div>","protected":false},"excerpt":{"rendered":"<p>Portafolio de Productos leer mas PLATAFORMA DE INDUSTRIA 4.0 \u2013 Esta soluci\u00f3n es personalizada . Integra todo los componentes y servicios necesarios para una soluci\u00f3n IIOT solida desde sensor hasta la nube.Garantizamos acceso a los datos de los sensores y maquinas desde cualquier lugar del mundo a trav\u00e9s del ERP o el sistema en la&hellip; <br \/> <a class=\"read-more\" href=\"https:\/\/ingelcom.pe\/index.php\/6-ventajas-io-link\/\">Read more<\/a><\/p>\n","protected":false},"author":1,"featured_media":0,"parent":0,"menu_order":0,"comment_status":"closed","ping_status":"closed","template":"page-templates\/homepage.php","meta":{"footnotes":""},"class_list":["post-262","page","type-page","status-publish","hentry"],"_links":{"self":[{"href":"https:\/\/ingelcom.pe\/index.php\/wp-json\/wp\/v2\/pages\/262","targetHints":{"allow":["GET"]}}],"collection":[{"href":"https:\/\/ingelcom.pe\/index.php\/wp-json\/wp\/v2\/pages"}],"about":[{"href":"https:\/\/ingelcom.pe\/index.php\/wp-json\/wp\/v2\/types\/page"}],"author":[{"embeddable":true,"href":"https:\/\/ingelcom.pe\/index.php\/wp-json\/wp\/v2\/users\/1"}],"replies":[{"embeddable":true,"href":"https:\/\/ingelcom.pe\/index.php\/wp-json\/wp\/v2\/comments?post=262"}],"version-history":[{"count":50,"href":"https:\/\/ingelcom.pe\/index.php\/wp-json\/wp\/v2\/pages\/262\/revisions"}],"predecessor-version":[{"id":645,"href":"https:\/\/ingelcom.pe\/index.php\/wp-json\/wp\/v2\/pages\/262\/revisions\/645"}],"wp:attachment":[{"href":"https:\/\/ingelcom.pe\/index.php\/wp-json\/wp\/v2\/media?parent=262"}],"curies":[{"name":"wp","href":"https:\/\/api.w.org\/{rel}","templated":true}]}}